{"id":988085,"date":"2023-11-27T22:28:21","date_gmt":"2023-11-27T22:28:21","guid":{"rendered":"https:\/\/www.varenafinanciera.com\/?page_id=988085"},"modified":"2025-05-09T18:26:26","modified_gmt":"2025-05-09T18:26:26","slug":"solicita-tu-prestamo","status":"publish","type":"page","link":"https:\/\/www.varenafinanciera.com\/?page_id=988085","title":{"rendered":"Solicita tu Pr\u00e9stamo"},"content":{"rendered":"\t\t<div data-elementor-type=\"wp-page\" data-elementor-id=\"988085\" class=\"elementor elementor-988085\" data-elementor-post-type=\"page\">\n\t\t\t\t\t\t\t<div class=\"elementor-element elementor-element-43a7eaba e-con-full e-flex e-con e-parent\" data-id=\"43a7eaba\" data-element_type=\"container\" data-settings=\"{&quot;background_background&quot;:&quot;classic&quot;,&quot;content_width&quot;:&quot;full&quot;,&quot;shape_divider_top&quot;:&quot;opacity-tilt&quot;}\" data-core-v316-plus=\"true\">\n\t\t\t\t<div class=\"elementor-shape elementor-shape-top\" data-negative=\"false\">\n\t\t\t<svg xmlns=\"http:\/\/www.w3.org\/2000\/svg\" viewBox=\"0 0 2600 131.1\" preserveAspectRatio=\"none\">\n\t<path class=\"elementor-shape-fill\" d=\"M0 0L2600 0 2600 69.1 0 0z\"\/>\n\t<path class=\"elementor-shape-fill\" style=\"opacity:0.5\" d=\"M0 0L2600 0 2600 69.1 0 69.1z\"\/>\n\t<path class=\"elementor-shape-fill\" style=\"opacity:0.25\" d=\"M2600 0L0 0 0 130.1 2600 69.1z\"\/>\n<\/svg>\t\t<\/div>\n\t\t<div class=\"elementor-element elementor-element-258ad60 e-con-full e-flex elementor-invisible e-con e-child\" data-id=\"258ad60\" data-element_type=\"container\" data-settings=\"{&quot;content_width&quot;:&quot;full&quot;,&quot;background_background&quot;:&quot;classic&quot;,&quot;animation&quot;:&quot;fadeIn&quot;}\">\n\t\t\t\t<div class=\"elementor-element elementor-element-531676f0 elementor-widget elementor-widget-heading\" data-id=\"531676f0\" data-element_type=\"widget\" data-widget_type=\"heading.default\">\n\t\t\t\t<div class=\"elementor-widget-container\">\n\t\t\t<style>\/*! elementor - v3.17.0 - 08-11-2023 *\/\n.elementor-heading-title{padding:0;margin:0;line-height:1}.elementor-widget-heading .elementor-heading-title[class*=elementor-size-]>a{color:inherit;font-size:inherit;line-height:inherit}.elementor-widget-heading .elementor-heading-title.elementor-size-small{font-size:15px}.elementor-widget-heading .elementor-heading-title.elementor-size-medium{font-size:19px}.elementor-widget-heading .elementor-heading-title.elementor-size-large{font-size:29px}.elementor-widget-heading .elementor-heading-title.elementor-size-xl{font-size:39px}.elementor-widget-heading .elementor-heading-title.elementor-size-xxl{font-size:59px}<\/style><h1 class=\"elementor-heading-title elementor-size-default\">\u00a1Solicita tu pr\u00e9stamo en este momento!<\/h1>\t\t<\/div>\n\t\t\t\t<\/div>\n\t\t\t\t<div class=\"elementor-element elementor-element-2dc15ecb elementor-widget elementor-widget-text-editor\" data-id=\"2dc15ecb\" data-element_type=\"widget\" data-widget_type=\"text-editor.default\">\n\t\t\t\t<div class=\"elementor-widget-container\">\n\t\t\t<style>\/*! elementor - v3.17.0 - 08-11-2023 *\/\n.elementor-widget-text-editor.elementor-drop-cap-view-stacked .elementor-drop-cap{background-color:#69727d;color:#fff}.elementor-widget-text-editor.elementor-drop-cap-view-framed .elementor-drop-cap{color:#69727d;border:3px solid;background-color:transparent}.elementor-widget-text-editor:not(.elementor-drop-cap-view-default) .elementor-drop-cap{margin-top:8px}.elementor-widget-text-editor:not(.elementor-drop-cap-view-default) .elementor-drop-cap-letter{width:1em;height:1em}.elementor-widget-text-editor .elementor-drop-cap{float:left;text-align:center;line-height:1;font-size:50px}.elementor-widget-text-editor .elementor-drop-cap-letter{display:inline-block}<\/style>\t\t\t\t<p>Completa el siguiente formulario o cont\u00e1ctanos en este momento v\u00eda whatsapp:<\/p>\t\t\t\t\t\t<\/div>\n\t\t\t\t<\/div>\n\t\t\t\t<div class=\"elementor-element elementor-element-4704e3e elementor-position-left elementor-vertical-align-middle elementor-mobile-position-left elementor-view-default elementor-widget elementor-widget-icon-box\" data-id=\"4704e3e\" data-element_type=\"widget\" data-widget_type=\"icon-box.default\">\n\t\t\t\t<div class=\"elementor-widget-container\">\n\t\t\t<link rel=\"stylesheet\" href=\"https:\/\/www.varenafinanciera.com\/wp-content\/plugins\/elementor\/assets\/css\/widget-icon-box.min.css\">\t\t<div class=\"elementor-icon-box-wrapper\">\n\t\t\t\t\t\t<div class=\"elementor-icon-box-icon\">\n\t\t\t\t<span  class=\"elementor-icon elementor-animation-\">\n\t\t\t\t<i aria-hidden=\"true\" class=\"fab fa-whatsapp\"><\/i>\t\t\t\t<\/span>\n\t\t\t<\/div>\n\t\t\t\t\t\t<div class=\"elementor-icon-box-content\">\n\t\t\t\t<h3 class=\"elementor-icon-box-title\">\n\t\t\t\t\t<span  >\n\t\t\t\t\t\t+52 55 8047 6221\t\t\t\t\t<\/span>\n\t\t\t\t<\/h3>\n\t\t\t\t\t\t\t<\/div>\n\t\t<\/div>\n\t\t\t\t<\/div>\n\t\t\t\t<\/div>\n\t\t\t\t<div class=\"elementor-element elementor-element-743b07e elementor-position-left elementor-vertical-align-middle elementor-mobile-position-left elementor-view-default elementor-widget elementor-widget-icon-box\" data-id=\"743b07e\" data-element_type=\"widget\" data-widget_type=\"icon-box.default\">\n\t\t\t\t<div class=\"elementor-widget-container\">\n\t\t\t\t\t<div class=\"elementor-icon-box-wrapper\">\n\t\t\t\t\t\t<div class=\"elementor-icon-box-icon\">\n\t\t\t\t<span  class=\"elementor-icon elementor-animation-\">\n\t\t\t\t<i aria-hidden=\"true\" class=\"fas fa-mail-bulk\"><\/i>\t\t\t\t<\/span>\n\t\t\t<\/div>\n\t\t\t\t\t\t<div class=\"elementor-icon-box-content\">\n\t\t\t\t<h3 class=\"elementor-icon-box-title\">\n\t\t\t\t\t<span  >\n\t\t\t\t\t\tcontacto@varenafinanciera.com\t\t\t\t\t<\/span>\n\t\t\t\t<\/h3>\n\t\t\t\t\t\t\t<\/div>\n\t\t<\/div>\n\t\t\t\t<\/div>\n\t\t\t\t<\/div>\n\t\t\t\t<\/div>\n\t\t<div class=\"elementor-element elementor-element-408f9d69 e-con-full e-flex e-con e-child\" data-id=\"408f9d69\" data-element_type=\"container\" data-settings=\"{&quot;content_width&quot;:&quot;full&quot;,&quot;background_background&quot;:&quot;classic&quot;}\">\n\t\t\t\t<div class=\"elementor-element elementor-element-8b9301d elementor-widget elementor-widget-htform-addons\" data-id=\"8b9301d\" data-element_type=\"widget\" data-widget_type=\"htform-addons.default\">\n\t\t\t\t<div class=\"elementor-widget-container\">\n\t\t\t<form id=\"ht-form-988449-69fb2dd2f04e4\" class=\"ht-form\" data-form-id=\"988449\" data-ajax-enabled=\"false\" method=\"post\" enctype=\"multipart\/form-data\" novalidate=\"novalidate\" action=\"https:\/\/www.varenafinanciera.com\/wp-admin\/admin-post.php\"><input type=\"hidden\" id=\"ht_form_nonce\" name=\"ht_form_nonce\" value=\"f1babed497\" \/><input type=\"hidden\" name=\"_wp_http_referer\" value=\"\/index.php?rest_route=%2Fwp%2Fv2%2Fpages%2F988085\" \/><input type=\"hidden\" name=\"ht_form_id\" value=\"988449\"><input type=\"hidden\" name=\"action\" value=\"ht_form_submit_nojs\"><input type=\"hidden\" name=\"ht_form_timestamp\" value=\"1778068946\"><div class=\"ht-form-elem-group\"><div data-id=\"name_1746812205229\" class=\"ht-form-elem-group ht-form-elem-name\"><div data-id=\"name_1746812205229_first_name\" class=\"ht-form-elem ht-form-elem-input-field ht-form-elem-medium ht-form-elem-label-top\">\n                <div class=\"ht-form-elem-inner\">\n                    <div class=\"ht-form-elem-head\">\n                        <label for=\"name_1746812205229_first_name\" class=\"ht-form-elem-label\" aria-label=\"Nombre\">Nombre<\/label>\n                        \n                        \n                    <\/div>\n                    <div class=\"ht-form-elem-content\">\n                        \n                        <input  type=\"text\" id=\"name_1746812205229_first_name\" class=\"ht-form-elem-input\" name=\"name[first_name]\"\/>\n                        \n                    <\/div>\n                <\/div>\n                \n                <span class=\"ht-form-elem-error\"><\/span>\n            <\/div><div data-id=\"name_1746812205229_last_name\" class=\"ht-form-elem ht-form-elem-input-field ht-form-elem-medium ht-form-elem-label-top\">\n                <div class=\"ht-form-elem-inner\">\n                    <div class=\"ht-form-elem-head\">\n                        <label for=\"name_1746812205229_last_name\" class=\"ht-form-elem-label\" aria-label=\"Apellido\">Apellido<\/label>\n                        \n                        \n                    <\/div>\n                    <div class=\"ht-form-elem-content\">\n                        \n                        <input  type=\"text\" id=\"name_1746812205229_last_name\" class=\"ht-form-elem-input\" name=\"name[last_name]\"\/>\n                        \n                    <\/div>\n                <\/div>\n                \n                <span class=\"ht-form-elem-error\"><\/span>\n            <\/div><\/div><div data-id=\"email_1746812222245\" class=\"ht-form-elem ht-form-elem-email-field ht-form-elem-medium ht-form-elem-label-top\">\n                <div class=\"ht-form-elem-inner\">\n                    <div class=\"ht-form-elem-head\">\n                        <label for=\"email_1746812222245\" class=\"ht-form-elem-label\" aria-label=\"Email\">Email<\/label>\n                        \n                        \n                    <\/div>\n                    <div class=\"ht-form-elem-content\">\n                        \n                        <input  type=\"email\" id=\"email_1746812222245\" class=\"ht-form-elem-input\" name=\"email\"\/>\n                        \n                    <\/div>\n                <\/div>\n                \n                <span class=\"ht-form-elem-error\"><\/span>\n            <\/div><div data-id=\"input_1746812229542\" class=\"ht-form-elem ht-form-elem-input-field ht-form-elem-medium ht-form-elem-label-top\">\n                <div class=\"ht-form-elem-inner\">\n                    <div class=\"ht-form-elem-head\">\n                        <label for=\"input_1746812229542\" class=\"ht-form-elem-label\" aria-label=\"Ciudad\">Ciudad<\/label>\n                        \n                        \n                    <\/div>\n                    <div class=\"ht-form-elem-content\">\n                        \n                        <input  type=\"text\" id=\"input_1746812229542\" class=\"ht-form-elem-input\" name=\"text\"\/>\n                        \n                    <\/div>\n                <\/div>\n                \n                <span class=\"ht-form-elem-error\"><\/span>\n            <\/div><div data-id=\"number_1746812236878\" class=\"ht-form-elem ht-form-elem-number-field ht-form-elem-medium ht-form-elem-label-top\">\n                <div class=\"ht-form-elem-inner\">\n                    <div class=\"ht-form-elem-head\">\n                        <label for=\"number_1746812236878\" class=\"ht-form-elem-label\" aria-label=\"Tel\u00e9fono de Contacto\">Tel\u00e9fono de Contacto<\/label>\n                        \n                        \n                    <\/div>\n                    <div class=\"ht-form-elem-content\">\n                        \n                        <input  type=\"number\" id=\"number_1746812236878\" class=\"ht-form-elem-input\" min=\"0\" max=\"100\" step=\"1\" name=\"number\"\/>\n                        \n                    <\/div>\n                <\/div>\n                \n                <span class=\"ht-form-elem-error\"><\/span>\n            <\/div><div data-id=\"submit_1746812567553\" class=\"ht-form-elem ht-form-elem-submit-field ht-form-elem-medium ht-form-elem-label-top ht-form-elem-align-center\">\n                <div class=\"ht-form-elem-inner\">\n                    <div class=\"ht-form-elem-head\">\n                        \n                        \n                        \n                    <\/div>\n                    <div class=\"ht-form-elem-content\">\n                        \n                        <button  type=\"submit\" id=\"submit_1746812567553\" class=\"ht-form-elem-button-submit ht-form-elem-button-submit-default\">Enviar Solicitud<\/button>\n                        \n                    <\/div>\n                <\/div>\n                \n                <span class=\"ht-form-elem-error\"><\/span>\n            <\/div><\/div><\/form>                <script>\n                    \/\/ Handle Range Slider Value Update\n                    if(document.querySelectorAll('.ht-form-elem-range')) {\n                        document.querySelectorAll('.ht-form-elem-range').forEach((range) => {\n                            range.addEventListener('input', () => {\n                                range.nextElementSibling.querySelector('.ht-form-elem-range-amount').textContent = range.value;\n                            });\n                        });\n                    }\n\n                    \/\/ Input Mask\n                    if(document.querySelectorAll('[data-mask]')) {\n                        document.querySelectorAll('[data-mask]').forEach((input) => {\n                            const maskFormat = input.getAttribute('data-mask');\n                            \n                            if (maskFormat) {\n                                let maskOptions = {};\n                                \n                                \/\/ Configure specific formats\n                                if (maskFormat === 'MM\/DD\/YYYY') {\n                                    \/\/ Date mask with M\/D\/Y format\n                                    maskOptions = {\n                                        alias: 'datetime',\n                                        inputFormat: 'MM\/DD\/YYYY',\n                                    };\n                                } else if (maskFormat === 'HH:MM') {\n                                    \/\/ Time mask\n                                    maskOptions = {\n                                        alias: 'datetime',\n                                        inputFormat: 'HH:mm',\n                                        placeholder: 'HH:MM'\n                                    };\n                                } else if (maskFormat === '9999 9999 9999 9999') {\n                                    \/\/ Credit card mask\n                                    maskOptions = {\n                                        mask: '9999 9999 9999 9999'\n                                    };\n                                } else if (maskFormat === '$999.99') {\n                                    \/\/ Currency mask\n                                    maskOptions = {\n                                        alias: 'numeric',\n                                        groupSeparator: '',\n                                        digits: 2,\n                                        digitsOptional: false,\n                                        prefix: '$',\n                                        rightAlign: false,\n                                        allowMinus: false,\n                                    };\n                                } else if (maskFormat === '(999) 999-9999') {\n                                    \/\/ Phone mask\n                                    maskOptions = {\n                                        mask: '(999) 999-9999'\n                                    };\n                                } else if (maskFormat === '999-99-9999') {\n                                    \/\/ SSN mask\n                                    maskOptions = {\n                                        mask: '999-99-9999'\n                                    };\n                                } else if (maskFormat === '99999-9999') {\n                                    \/\/ Zip code mask\n                                    maskOptions = {\n                                        mask: '99999-9999'\n                                    };\n                                } else {\n                                    \/\/ Default - use the format as is\n                                    maskOptions = {\n                                        mask: maskFormat\n                                    };\n                                }\n                                \n                                \/\/ Apply the mask and store reference for validation\n                                const im = new Inputmask(maskOptions);\n                                im.mask(input);\n                            }\n                        });\n                    }\n                    \n                    \/\/ Custom Select using Choices JS\n                    if(document.querySelectorAll('select[data-ht-select]')) {\n                        document.querySelectorAll('select[data-ht-select]').forEach((select) => {\n                            const searchable = select.getAttribute('data-searchable') === '1';\n                            const maxselect = select.getAttribute('data-maxselect') ? parseInt(select.getAttribute('data-maxselect')) : -1;\n                            \n                            try {\n                                new Choices(select, {\n                                    searchEnabled: searchable,\n                                    itemSelectText: '',\n                                    maxItemCount: maxselect,\n                                    removeItemButton: true,\n                                    placeholder: true,\n                                    placeholderValue: '',\n                                    shouldSort: false,\n                                });\n                            } catch (error) {\n                                console.warn('Choices initialization error:', error);\n                            }\n                        });\n                    }\n                <\/script>\n            \t\t<\/div>\n\t\t\t\t<\/div>\n\t\t\t\t<\/div>\n\t\t\t\t<\/div>\n\t\t\t\t\t\t\t<\/div>\n\t\t","protected":false},"excerpt":{"rendered":"<p>\u00a1Solicita tu pr\u00e9stamo en este momento! Completa el siguiente formulario o cont\u00e1ctanos en este momento v\u00eda whatsapp: +52 55 8047&#8230;<\/p>\n","protected":false},"author":1,"featured_media":0,"parent":0,"menu_order":0,"comment_status":"closed","ping_status":"closed","template":"","meta":{"footnotes":""},"class_list":["post-988085","page","type-page","status-publish","hentry"],"_links":{"self":[{"href":"https:\/\/www.varenafinanciera.com\/index.php?rest_route=\/wp\/v2\/pages\/988085","targetHints":{"allow":["GET"]}}],"collection":[{"href":"https:\/\/www.varenafinanciera.com\/index.php?rest_route=\/wp\/v2\/pages"}],"about":[{"href":"https:\/\/www.varenafinanciera.com\/index.php?rest_route=\/wp\/v2\/types\/page"}],"author":[{"embeddable":true,"href":"https:\/\/www.varenafinanciera.com\/index.php?rest_route=\/wp\/v2\/users\/1"}],"replies":[{"embeddable":true,"href":"https:\/\/www.varenafinanciera.com\/index.php?rest_route=%2Fwp%2Fv2%2Fcomments&post=988085"}],"version-history":[{"count":88,"href":"https:\/\/www.varenafinanciera.com\/index.php?rest_route=\/wp\/v2\/pages\/988085\/revisions"}],"predecessor-version":[{"id":988459,"href":"https:\/\/www.varenafinanciera.com\/index.php?rest_route=\/wp\/v2\/pages\/988085\/revisions\/988459"}],"wp:attachment":[{"href":"https:\/\/www.varenafinanciera.com\/index.php?rest_route=%2Fwp%2Fv2%2Fmedia&parent=988085"}],"curies":[{"name":"wp","href":"https:\/\/api.w.org\/{rel}","templated":true}]}}